{"id":334,"date":"2020-05-05T21:02:07","date_gmt":"2020-05-05T18:02:07","guid":{"rendered":"https:\/\/demo.z4mmedya.com\/eskdinamik\/?page_id=334"},"modified":"2024-05-02T09:37:04","modified_gmt":"2024-05-02T06:37:04","slug":"takimimiz","status":"publish","type":"page","link":"https:\/\/www.eskakustik.com\/en\/kurumsal\/takimimiz\/","title":{"rendered":"Our Team"},"content":{"rendered":"\t\t<div data-elementor-type=\"wp-page\" data-elementor-id=\"334\" class=\"elementor elementor-334\" data-elementor-post-type=\"page\">\n\t\t\t\t<div class=\"elementor-element elementor-element-9b23d45 e-flex e-con-boxed e-con e-parent\" data-id=\"9b23d45\" data-element_type=\"container\">\n\t\t\t\t\t<div class=\"e-con-inner\">\n\t\t\t\t<div class=\"elementor-element elementor-element-7911d57 elementor-grid-3 elementor-grid-tablet-2 elementor-grid-mobile-1 elementor-widget elementor-widget-loop-grid\" data-id=\"7911d57\" data-element_type=\"widget\" data-settings=\"{&quot;template_id&quot;:&quot;43288&quot;,&quot;columns&quot;:3,&quot;_skin&quot;:&quot;post&quot;,&quot;columns_tablet&quot;:&quot;2&quot;,&quot;columns_mobile&quot;:&quot;1&quot;,&quot;edit_handle_selector&quot;:&quot;[data-elementor-type=\\&quot;loop-item\\&quot;]&quot;,&quot;row_gap&quot;:{&quot;unit&quot;:&quot;px&quot;,&quot;size&quot;:&quot;&quot;,&quot;sizes&quot;:[]},&quot;row_gap_tablet&quot;:{&quot;unit&quot;:&quot;px&quot;,&quot;size&quot;:&quot;&quot;,&quot;sizes&quot;:[]},&quot;row_gap_mobile&quot;:{&quot;unit&quot;:&quot;px&quot;,&quot;size&quot;:&quot;&quot;,&quot;sizes&quot;:[]}}\" data-widget_type=\"loop-grid.post\">\n\t\t\t\t<div class=\"elementor-widget-container\">\n\t\t\t\t\t<div class=\"elementor-loop-container elementor-grid\">\n\t\t<style id=\"loop-43288\">.elementor-43288 .elementor-element.elementor-element-0b011ed{--display:flex;--flex-direction:column;--container-widget-width:100%;--container-widget-height:initial;--container-widget-flex-grow:0;--container-widget-align-self:initial;--flex-wrap-mobile:wrap;--gap:0px 0px;--background-transition:0.3s;--border-radius:8px 8px 8px 8px;box-shadow:0px 0px 5px 0px rgba(0, 0, 0, 0.15);--padding-top:0px;--padding-bottom:0px;--padding-left:0px;--padding-right:0px;}.elementor-43288 .elementor-element.elementor-element-89950fe{text-align:center;}.elementor-43288 .elementor-element.elementor-element-89950fe img{width:100%;height:400px;object-fit:cover;object-position:center center;filter:brightness( 100% ) contrast( 100% ) saturate( 0% ) blur( 0px ) hue-rotate( 0deg );transition-duration:1s;border-radius:8px 8px 0px 0px;}.elementor-43288 .elementor-element.elementor-element-89950fe:hover img{filter:brightness( 100% ) contrast( 100% ) saturate( 100% ) blur( 0px ) hue-rotate( 0deg );}.elementor-43288 .elementor-element.elementor-element-3f9443e{--display:flex;--gap:5px 5px;--background-transition:0.3s;--padding-top:20px;--padding-bottom:20px;--padding-left:20px;--padding-right:20px;}.elementor-43288 .elementor-element.elementor-element-0d952cd{text-align:left;}.elementor-43288 .elementor-element.elementor-element-0d952cd .elementor-heading-title{font-size:20px;font-weight:600;}.elementor-43288 .elementor-element.elementor-element-7a5bc27{text-align:left;}.elementor-43288 .elementor-element.elementor-element-7a5bc27 .elementor-heading-title{font-size:18px;font-weight:500;}.elementor-43288 .elementor-element.elementor-element-53e224d{text-align:left;}.elementor-43288 .elementor-element.elementor-element-53e224d .elementor-heading-title{font-size:16px;font-weight:400;}<\/style>\t\t<div data-elementor-type=\"loop-item\" data-elementor-id=\"43288\" class=\"elementor elementor-43288 e-loop-item e-loop-item-43263 post-43263 ekip-uyesi type-ekip-uyesi status-publish hentry\" data-elementor-post-type=\"elementor_library\" data-custom-edit-handle=\"1\">\n\t\t\t<div class=\"elementor-element elementor-element-0b011ed e-flex e-con-boxed e-con e-parent\" data-id=\"0b011ed\" data-element_type=\"container\">\n\t\t\t\t\t<div class=\"e-con-inner\">\n\t\t\t\t<div class=\"elementor-element elementor-element-89950fe elementor-widget elementor-widget-image\" data-id=\"89950fe\" data-element_type=\"widget\" data-widget_type=\"image.default\">\n\t\t\t\t<div class=\"elementor-widget-container\">\n\t\t\t\t\t\t\t\t\t\t\t\t\t<img fetchpriority=\"high\" decoding=\"async\" width=\"500\" height=\"500\" src=\"https:\/\/www.eskakustik.com\/wp-content\/uploads\/2023\/05\/engin-kurugol-1.webp\" class=\"attachment-large size-large wp-image-45071\" alt=\"Engin Kurug\u00f6l - ESK Akustik Kurucu\" srcset=\"https:\/\/www.eskakustik.com\/wp-content\/uploads\/2023\/05\/engin-kurugol-1.webp 500w, https:\/\/www.eskakustik.com\/wp-content\/uploads\/2023\/05\/engin-kurugol-1-300x300.webp 300w, https:\/\/www.eskakustik.com\/wp-content\/uploads\/2023\/05\/engin-kurugol-1-150x150.webp 150w\" sizes=\"(max-width: 500px) 100vw, 500px\" \/>\t\t\t\t\t\t\t\t\t\t\t\t\t<\/div>\n\t\t\t\t<\/div>\n\t\t<div class=\"elementor-element elementor-element-3f9443e e-flex e-con-boxed e-con e-child\" data-id=\"3f9443e\" data-element_type=\"container\">\n\t\t\t\t\t<div class=\"e-con-inner\">\n\t\t\t\t<div class=\"elementor-element elementor-element-0d952cd elementor-widget elementor-widget-heading\" data-id=\"0d952cd\" data-element_type=\"widget\" data-widget_type=\"heading.default\">\n\t\t\t\t<div class=\"elementor-widget-container\">\n\t\t\t<h2 class=\"elementor-heading-title elementor-size-default\">Engin Kurug\u00f6l<\/h2>\t\t<\/div>\n\t\t\t\t<\/div>\n\t\t\t\t<div class=\"elementor-element elementor-element-7a5bc27 elementor-widget elementor-widget-heading\" data-id=\"7a5bc27\" data-element_type=\"widget\" data-widget_type=\"heading.default\">\n\t\t\t\t<div class=\"elementor-widget-container\">\n\t\t\t<h3 class=\"elementor-heading-title elementor-size-default\">Founder<\/h3>\t\t<\/div>\n\t\t\t\t<\/div>\n\t\t\t\t<div class=\"elementor-element elementor-element-53e224d elementor-widget elementor-widget-heading\" data-id=\"53e224d\" data-element_type=\"widget\" data-widget_type=\"heading.default\">\n\t\t\t\t<div class=\"elementor-widget-container\">\n\t\t\t<h3 class=\"elementor-heading-title elementor-size-default\">ekurugol@eskakustik.com<\/h3>\t\t<\/div>\n\t\t\t\t<\/div>\n\t\t\t\t\t<\/div>\n\t\t\t\t<\/div>\n\t\t\t\t\t<\/div>\n\t\t\t\t<\/div>\n\t\t\t\t<\/div>\n\t\t\t\t<div data-elementor-type=\"loop-item\" data-elementor-id=\"43288\" class=\"elementor elementor-43288 e-loop-item e-loop-item-43279 post-43279 ekip-uyesi type-ekip-uyesi status-publish hentry\" data-elementor-post-type=\"elementor_library\" data-custom-edit-handle=\"1\">\n\t\t\t<div class=\"elementor-element elementor-element-0b011ed e-flex e-con-boxed e-con e-parent\" data-id=\"0b011ed\" data-element_type=\"container\">\n\t\t\t\t\t<div class=\"e-con-inner\">\n\t\t\t\t<div class=\"elementor-element elementor-element-89950fe elementor-widget elementor-widget-image\" data-id=\"89950fe\" data-element_type=\"widget\" data-widget_type=\"image.default\">\n\t\t\t\t<div class=\"elementor-widget-container\">\n\t\t\t\t\t\t\t\t\t\t\t\t\t<img decoding=\"async\" width=\"500\" height=\"500\" src=\"https:\/\/www.eskakustik.com\/wp-content\/uploads\/2023\/05\/ersin-kurugol.webp\" class=\"attachment-large size-large wp-image-45065\" alt=\"Ersin Kurug\u00f6l - ESK Akustik Fabrika M\u00fcd\u00fcr\u00fc\" srcset=\"https:\/\/www.eskakustik.com\/wp-content\/uploads\/2023\/05\/ersin-kurugol.webp 500w, https:\/\/www.eskakustik.com\/wp-content\/uploads\/2023\/05\/ersin-kurugol-300x300.webp 300w, https:\/\/www.eskakustik.com\/wp-content\/uploads\/2023\/05\/ersin-kurugol-150x150.webp 150w\" sizes=\"(max-width: 500px) 100vw, 500px\" \/>\t\t\t\t\t\t\t\t\t\t\t\t\t<\/div>\n\t\t\t\t<\/div>\n\t\t<div class=\"elementor-element elementor-element-3f9443e e-flex e-con-boxed e-con e-child\" data-id=\"3f9443e\" data-element_type=\"container\">\n\t\t\t\t\t<div class=\"e-con-inner\">\n\t\t\t\t<div class=\"elementor-element elementor-element-0d952cd elementor-widget elementor-widget-heading\" data-id=\"0d952cd\" data-element_type=\"widget\" data-widget_type=\"heading.default\">\n\t\t\t\t<div class=\"elementor-widget-container\">\n\t\t\t<h2 class=\"elementor-heading-title elementor-size-default\">Ersin Kurug\u00f6l<\/h2>\t\t<\/div>\n\t\t\t\t<\/div>\n\t\t\t\t<div class=\"elementor-element elementor-element-7a5bc27 elementor-widget elementor-widget-heading\" data-id=\"7a5bc27\" data-element_type=\"widget\" data-widget_type=\"heading.default\">\n\t\t\t\t<div class=\"elementor-widget-container\">\n\t\t\t<h3 class=\"elementor-heading-title elementor-size-default\">Factory Manager<\/h3>\t\t<\/div>\n\t\t\t\t<\/div>\n\t\t\t\t<div class=\"elementor-element elementor-element-53e224d elementor-widget elementor-widget-heading\" data-id=\"53e224d\" data-element_type=\"widget\" data-widget_type=\"heading.default\">\n\t\t\t\t<div class=\"elementor-widget-container\">\n\t\t\t<h3 class=\"elementor-heading-title elementor-size-default\">erkurugol@eskakustik.com<\/h3>\t\t<\/div>\n\t\t\t\t<\/div>\n\t\t\t\t\t<\/div>\n\t\t\t\t<\/div>\n\t\t\t\t\t<\/div>\n\t\t\t\t<\/div>\n\t\t\t\t<\/div>\n\t\t\t\t<div data-elementor-type=\"loop-item\" data-elementor-id=\"43288\" class=\"elementor elementor-43288 e-loop-item e-loop-item-43276 post-43276 ekip-uyesi type-ekip-uyesi status-publish hentry\" data-elementor-post-type=\"elementor_library\" data-custom-edit-handle=\"1\">\n\t\t\t<div class=\"elementor-element elementor-element-0b011ed e-flex e-con-boxed e-con e-parent\" data-id=\"0b011ed\" data-element_type=\"container\">\n\t\t\t\t\t<div class=\"e-con-inner\">\n\t\t\t\t<div class=\"elementor-element elementor-element-89950fe elementor-widget elementor-widget-image\" data-id=\"89950fe\" data-element_type=\"widget\" data-widget_type=\"image.default\">\n\t\t\t\t<div class=\"elementor-widget-container\">\n\t\t\t\t\t\t\t\t\t\t\t\t\t<img decoding=\"async\" width=\"500\" height=\"500\" src=\"https:\/\/www.eskakustik.com\/wp-content\/uploads\/2023\/05\/hasan-cin.webp\" class=\"attachment-large size-large wp-image-45072\" alt=\"Hasan Cin - ESK Akustik Sat\u0131\u015f Uzman\u0131\" srcset=\"https:\/\/www.eskakustik.com\/wp-content\/uploads\/2023\/05\/hasan-cin.webp 500w, https:\/\/www.eskakustik.com\/wp-content\/uploads\/2023\/05\/hasan-cin-300x300.webp 300w, https:\/\/www.eskakustik.com\/wp-content\/uploads\/2023\/05\/hasan-cin-150x150.webp 150w\" sizes=\"(max-width: 500px) 100vw, 500px\" \/>\t\t\t\t\t\t\t\t\t\t\t\t\t<\/div>\n\t\t\t\t<\/div>\n\t\t<div class=\"elementor-element elementor-element-3f9443e e-flex e-con-boxed e-con e-child\" data-id=\"3f9443e\" data-element_type=\"container\">\n\t\t\t\t\t<div class=\"e-con-inner\">\n\t\t\t\t<div class=\"elementor-element elementor-element-0d952cd elementor-widget elementor-widget-heading\" data-id=\"0d952cd\" data-element_type=\"widget\" data-widget_type=\"heading.default\">\n\t\t\t\t<div class=\"elementor-widget-container\">\n\t\t\t<h2 class=\"elementor-heading-title elementor-size-default\">Hasan Cin<\/h2>\t\t<\/div>\n\t\t\t\t<\/div>\n\t\t\t\t<div class=\"elementor-element elementor-element-7a5bc27 elementor-widget elementor-widget-heading\" data-id=\"7a5bc27\" data-element_type=\"widget\" data-widget_type=\"heading.default\">\n\t\t\t\t<div class=\"elementor-widget-container\">\n\t\t\t<h3 class=\"elementor-heading-title elementor-size-default\">Procurement Specialist<\/h3>\t\t<\/div>\n\t\t\t\t<\/div>\n\t\t\t\t<div class=\"elementor-element elementor-element-53e224d elementor-widget elementor-widget-heading\" data-id=\"53e224d\" data-element_type=\"widget\" data-widget_type=\"heading.default\">\n\t\t\t\t<div class=\"elementor-widget-container\">\n\t\t\t<h3 class=\"elementor-heading-title elementor-size-default\">destek@eskakustik.com<\/h3>\t\t<\/div>\n\t\t\t\t<\/div>\n\t\t\t\t\t<\/div>\n\t\t\t\t<\/div>\n\t\t\t\t\t<\/div>\n\t\t\t\t<\/div>\n\t\t\t\t<\/div>\n\t\t\t\t<div data-elementor-type=\"loop-item\" data-elementor-id=\"43288\" class=\"elementor elementor-43288 e-loop-item e-loop-item-45076 post-45076 ekip-uyesi type-ekip-uyesi status-publish hentry\" data-elementor-post-type=\"elementor_library\" data-custom-edit-handle=\"1\">\n\t\t\t<div class=\"elementor-element elementor-element-0b011ed e-flex e-con-boxed e-con e-parent\" data-id=\"0b011ed\" data-element_type=\"container\">\n\t\t\t\t\t<div class=\"e-con-inner\">\n\t\t\t\t<div class=\"elementor-element elementor-element-89950fe elementor-widget elementor-widget-image\" data-id=\"89950fe\" data-element_type=\"widget\" data-widget_type=\"image.default\">\n\t\t\t\t<div class=\"elementor-widget-container\">\n\t\t\t\t\t\t\t\t\t\t\t\t\t<img loading=\"lazy\" decoding=\"async\" width=\"800\" height=\"800\" src=\"https:\/\/www.eskakustik.com\/wp-content\/uploads\/2023\/09\/Hafsa-scaled-e1721899708473-1024x1024.jpg\" class=\"attachment-large size-large wp-image-46947\" alt=\"\" srcset=\"https:\/\/www.eskakustik.com\/wp-content\/uploads\/2023\/09\/Hafsa-scaled-e1721899708473-1024x1024.jpg 1024w, https:\/\/www.eskakustik.com\/wp-content\/uploads\/2023\/09\/Hafsa-scaled-e1721899708473-300x300.jpg 300w, https:\/\/www.eskakustik.com\/wp-content\/uploads\/2023\/09\/Hafsa-scaled-e1721899708473-150x150.jpg 150w, https:\/\/www.eskakustik.com\/wp-content\/uploads\/2023\/09\/Hafsa-scaled-e1721899708473-768x768.jpg 768w, https:\/\/www.eskakustik.com\/wp-content\/uploads\/2023\/09\/Hafsa-scaled-e1721899708473-1536x1536.jpg 1536w, https:\/\/www.eskakustik.com\/wp-content\/uploads\/2023\/09\/Hafsa-scaled-e1721899708473.jpg 1745w\" sizes=\"(max-width: 800px) 100vw, 800px\" \/>\t\t\t\t\t\t\t\t\t\t\t\t\t<\/div>\n\t\t\t\t<\/div>\n\t\t<div class=\"elementor-element elementor-element-3f9443e e-flex e-con-boxed e-con e-child\" data-id=\"3f9443e\" data-element_type=\"container\">\n\t\t\t\t\t<div class=\"e-con-inner\">\n\t\t\t\t<div class=\"elementor-element elementor-element-0d952cd elementor-widget elementor-widget-heading\" data-id=\"0d952cd\" data-element_type=\"widget\" data-widget_type=\"heading.default\">\n\t\t\t\t<div class=\"elementor-widget-container\">\n\t\t\t<h2 class=\"elementor-heading-title elementor-size-default\">Hafsa Elmellakh<\/h2>\t\t<\/div>\n\t\t\t\t<\/div>\n\t\t\t\t<div class=\"elementor-element elementor-element-7a5bc27 elementor-widget elementor-widget-heading\" data-id=\"7a5bc27\" data-element_type=\"widget\" data-widget_type=\"heading.default\">\n\t\t\t\t<div class=\"elementor-widget-container\">\n\t\t\t<h3 class=\"elementor-heading-title elementor-size-default\">Export Specialist<\/h3>\t\t<\/div>\n\t\t\t\t<\/div>\n\t\t\t\t<div class=\"elementor-element elementor-element-53e224d elementor-widget elementor-widget-heading\" data-id=\"53e224d\" data-element_type=\"widget\" data-widget_type=\"heading.default\">\n\t\t\t\t<div class=\"elementor-widget-container\">\n\t\t\t<h3 class=\"elementor-heading-title elementor-size-default\">export@eskakustik.com<\/h3>\t\t<\/div>\n\t\t\t\t<\/div>\n\t\t\t\t\t<\/div>\n\t\t\t\t<\/div>\n\t\t\t\t\t<\/div>\n\t\t\t\t<\/div>\n\t\t\t\t<\/div>\n\t\t\t\t<div data-elementor-type=\"loop-item\" data-elementor-id=\"43288\" class=\"elementor elementor-43288 e-loop-item e-loop-item-45078 post-45078 ekip-uyesi type-ekip-uyesi status-publish hentry\" data-elementor-post-type=\"elementor_library\" data-custom-edit-handle=\"1\">\n\t\t\t<div class=\"elementor-element elementor-element-0b011ed e-flex e-con-boxed e-con e-parent\" data-id=\"0b011ed\" data-element_type=\"container\">\n\t\t\t\t\t<div class=\"e-con-inner\">\n\t\t\t\t<div class=\"elementor-element elementor-element-89950fe elementor-widget elementor-widget-image\" data-id=\"89950fe\" data-element_type=\"widget\" data-widget_type=\"image.default\">\n\t\t\t\t<div class=\"elementor-widget-container\">\n\t\t\t\t\t\t\t\t\t\t\t\t\t<img loading=\"lazy\" decoding=\"async\" width=\"500\" height=\"500\" src=\"https:\/\/www.eskakustik.com\/wp-content\/uploads\/2023\/05\/isra-irem-papakci.webp\" class=\"attachment-large size-large wp-image-45073\" alt=\"\u0130sra \u0130rem Papak\u00e7\u0131 - ESK Akustik Mimar\" srcset=\"https:\/\/www.eskakustik.com\/wp-content\/uploads\/2023\/05\/isra-irem-papakci.webp 500w, https:\/\/www.eskakustik.com\/wp-content\/uploads\/2023\/05\/isra-irem-papakci-300x300.webp 300w, https:\/\/www.eskakustik.com\/wp-content\/uploads\/2023\/05\/isra-irem-papakci-150x150.webp 150w\" sizes=\"(max-width: 500px) 100vw, 500px\" \/>\t\t\t\t\t\t\t\t\t\t\t\t\t<\/div>\n\t\t\t\t<\/div>\n\t\t<div class=\"elementor-element elementor-element-3f9443e e-flex e-con-boxed e-con e-child\" data-id=\"3f9443e\" data-element_type=\"container\">\n\t\t\t\t\t<div class=\"e-con-inner\">\n\t\t\t\t<div class=\"elementor-element elementor-element-0d952cd elementor-widget elementor-widget-heading\" data-id=\"0d952cd\" data-element_type=\"widget\" data-widget_type=\"heading.default\">\n\t\t\t\t<div class=\"elementor-widget-container\">\n\t\t\t<h2 class=\"elementor-heading-title elementor-size-default\">\u0130sra \u0130rem Kara<\/h2>\t\t<\/div>\n\t\t\t\t<\/div>\n\t\t\t\t<div class=\"elementor-element elementor-element-7a5bc27 elementor-widget elementor-widget-heading\" data-id=\"7a5bc27\" data-element_type=\"widget\" data-widget_type=\"heading.default\">\n\t\t\t\t<div class=\"elementor-widget-container\">\n\t\t\t<h3 class=\"elementor-heading-title elementor-size-default\">Architect<\/h3>\t\t<\/div>\n\t\t\t\t<\/div>\n\t\t\t\t<div class=\"elementor-element elementor-element-53e224d elementor-widget elementor-widget-heading\" data-id=\"53e224d\" data-element_type=\"widget\" data-widget_type=\"heading.default\">\n\t\t\t\t<div class=\"elementor-widget-container\">\n\t\t\t<h3 class=\"elementor-heading-title elementor-size-default\">proje@eskakustik.com<\/h3>\t\t<\/div>\n\t\t\t\t<\/div>\n\t\t\t\t\t<\/div>\n\t\t\t\t<\/div>\n\t\t\t\t\t<\/div>\n\t\t\t\t<\/div>\n\t\t\t\t<\/div>\n\t\t\t\t<div data-elementor-type=\"loop-item\" data-elementor-id=\"43288\" class=\"elementor elementor-43288 e-loop-item e-loop-item-43277 post-43277 ekip-uyesi type-ekip-uyesi status-publish hentry\" data-elementor-post-type=\"elementor_library\" data-custom-edit-handle=\"1\">\n\t\t\t<div class=\"elementor-element elementor-element-0b011ed e-flex e-con-boxed e-con e-parent\" data-id=\"0b011ed\" data-element_type=\"container\">\n\t\t\t\t\t<div class=\"e-con-inner\">\n\t\t\t\t<div class=\"elementor-element elementor-element-89950fe elementor-widget elementor-widget-image\" data-id=\"89950fe\" data-element_type=\"widget\" data-widget_type=\"image.default\">\n\t\t\t\t<div class=\"elementor-widget-container\">\n\t\t\t\t\t\t\t\t\t\t\t\t\t<img loading=\"lazy\" decoding=\"async\" width=\"500\" height=\"500\" src=\"https:\/\/www.eskakustik.com\/wp-content\/uploads\/2023\/05\/betul-karatas.webp\" class=\"attachment-large size-large wp-image-45070\" alt=\"Bet\u00fcl Karata\u015f - ESK Akustik Muhasebe Sorumlusu\" srcset=\"https:\/\/www.eskakustik.com\/wp-content\/uploads\/2023\/05\/betul-karatas.webp 500w, https:\/\/www.eskakustik.com\/wp-content\/uploads\/2023\/05\/betul-karatas-300x300.webp 300w, https:\/\/www.eskakustik.com\/wp-content\/uploads\/2023\/05\/betul-karatas-150x150.webp 150w\" sizes=\"(max-width: 500px) 100vw, 500px\" \/>\t\t\t\t\t\t\t\t\t\t\t\t\t<\/div>\n\t\t\t\t<\/div>\n\t\t<div class=\"elementor-element elementor-element-3f9443e e-flex e-con-boxed e-con e-child\" data-id=\"3f9443e\" data-element_type=\"container\">\n\t\t\t\t\t<div class=\"e-con-inner\">\n\t\t\t\t<div class=\"elementor-element elementor-element-0d952cd elementor-widget elementor-widget-heading\" data-id=\"0d952cd\" data-element_type=\"widget\" data-widget_type=\"heading.default\">\n\t\t\t\t<div class=\"elementor-widget-container\">\n\t\t\t<h2 class=\"elementor-heading-title elementor-size-default\">Bet\u00fcl Karata\u015f<\/h2>\t\t<\/div>\n\t\t\t\t<\/div>\n\t\t\t\t<div class=\"elementor-element elementor-element-7a5bc27 elementor-widget elementor-widget-heading\" data-id=\"7a5bc27\" data-element_type=\"widget\" data-widget_type=\"heading.default\">\n\t\t\t\t<div class=\"elementor-widget-container\">\n\t\t\t<h3 class=\"elementor-heading-title elementor-size-default\">Accountant<\/h3>\t\t<\/div>\n\t\t\t\t<\/div>\n\t\t\t\t<div class=\"elementor-element elementor-element-53e224d elementor-widget elementor-widget-heading\" data-id=\"53e224d\" data-element_type=\"widget\" data-widget_type=\"heading.default\">\n\t\t\t\t<div class=\"elementor-widget-container\">\n\t\t\t<h3 class=\"elementor-heading-title elementor-size-default\">muhasebe2@eskakustik.com<\/h3>\t\t<\/div>\n\t\t\t\t<\/div>\n\t\t\t\t\t<\/div>\n\t\t\t\t<\/div>\n\t\t\t\t\t<\/div>\n\t\t\t\t<\/div>\n\t\t\t\t<\/div>\n\t\t\t\t<\/div>\n\t\t\n\t\t\t\t<\/div>\n\t\t\t\t<\/div>\n\t\t\t\t\t<\/div>\n\t\t\t\t<\/div>\n\t\t\t\t<\/div>\n\t\t","protected":false},"excerpt":{"rendered":"","protected":false},"author":4,"featured_media":43259,"parent":57,"menu_order":15,"comment_status":"closed","ping_status":"closed","template":"","meta":{"footnotes":""},"acf":[],"aioseo_notices":[],"_links":{"self":[{"href":"https:\/\/www.eskakustik.com\/en\/wp-json\/wp\/v2\/pages\/334"}],"collection":[{"href":"https:\/\/www.eskakustik.com\/en\/wp-json\/wp\/v2\/pages"}],"about":[{"href":"https:\/\/www.eskakustik.com\/en\/wp-json\/wp\/v2\/types\/page"}],"author":[{"embeddable":true,"href":"https:\/\/www.eskakustik.com\/en\/wp-json\/wp\/v2\/users\/4"}],"replies":[{"embeddable":true,"href":"https:\/\/www.eskakustik.com\/en\/wp-json\/wp\/v2\/comments?post=334"}],"version-history":[{"count":23,"href":"https:\/\/www.eskakustik.com\/en\/wp-json\/wp\/v2\/pages\/334\/revisions"}],"predecessor-version":[{"id":46605,"href":"https:\/\/www.eskakustik.com\/en\/wp-json\/wp\/v2\/pages\/334\/revisions\/46605"}],"up":[{"embeddable":true,"href":"https:\/\/www.eskakustik.com\/en\/wp-json\/wp\/v2\/pages\/57"}],"wp:featuredmedia":[{"embeddable":true,"href":"https:\/\/www.eskakustik.com\/en\/wp-json\/wp\/v2\/media\/43259"}],"wp:attachment":[{"href":"https:\/\/www.eskakustik.com\/en\/wp-json\/wp\/v2\/media?parent=334"}],"curies":[{"name":"wp","href":"https:\/\/api.w.org\/{rel}","templated":true}]}}