{"id":135,"date":"2020-05-04T09:56:30","date_gmt":"2020-05-04T06:56:30","guid":{"rendered":"https:\/\/demo.z4mmedya.com\/eskdinamik\/?page_id=135"},"modified":"2023-05-03T14:15:00","modified_gmt":"2023-05-03T11:15:00","slug":"uygulama","status":"publish","type":"page","link":"https:\/\/www.eskakustik.com\/fr\/servislerimiz\/uygulama\/","title":{"rendered":"Installation"},"content":{"rendered":"<p class=\"qtranxs-available-languages-message qtranxs-available-languages-message-fr\">Malheureusement, il n'est pas disponible dans cette langue, vous pouvez acc\u00e9der \u00e0 notre article dans nos autres langues par le haut.<\/p><p>ESK Akustik olarak uzun y\u0131llard\u0131r \u00fcretimini yapmakta oldu\u011fumuz, aksutik ah\u015fap paneller, akustik kuma\u015f paneller, linear ah\u015fap ve kuma\u015f paneller ba\u015fta olmak \u00fczere portf\u00f6y\u00fcm\u00fczdeki t\u00fcm \u00fcr\u00fcnlerin montaj\u0131n\u0131 yapmaktay\u0131z. Uygulama yapt\u0131\u011f\u0131m\u0131z t\u00fcm ekiplerimiz, bu alanda \u00f6zellikle yetenekli, bilgi birikimine sahip, \u00e7\u00f6z\u00fcm odakl\u0131 ekiplerdir. T\u00fcrkiye&rsquo;nin t\u00fcm \u015fehirlerinde kurdu\u011fumuz bayii a\u011flar\u0131 ile, projelerde istenen uygulamalaar\u0131 yapabilmekteyiz. Bug\u00fcne kadar hem \u00fcr\u00fcn tedari\u011fi hem de montaj\u0131n\u0131 yapt\u0131\u011f\u0131m\u0131z projelerimizi, projelerimiz sayfam\u0131zdan inceleyebilirsiniz.<\/p>\n<p>Akustik Ah\u015fap Panel<br \/>\nAkustik Kuma\u015f Panel<br \/>\nLinear Ah\u015fap Panel<br \/>\nAkustik Baffle Panel<br \/>\nAkustik Hareketli B\u00f6lme Duvar<br \/>\nMicro Perforeli Akustik Ah\u015fap Panel<br \/>\nKoltuk<br \/>\nAkustik Karo Hal\u0131<\/p>","protected":false},"excerpt":{"rendered":"<p>Malheureusement, il n&rsquo;est pas disponible dans cette langue, vous pouvez acc\u00e9der \u00e0 notre article dans nos autres langues par le haut.ESK Akustik olarak uzun y\u0131llard\u0131r \u00fcretimini yapmakta oldu\u011fumuz, aksutik ah\u015fap paneller, akustik kuma\u015f paneller, linear ah\u015fap ve kuma\u015f paneller ba\u015fta olmak \u00fczere portf\u00f6y\u00fcm\u00fczdeki t\u00fcm \u00fcr\u00fcnlerin montaj\u0131n\u0131 yapmaktay\u0131z. Uygulama yapt\u0131\u011f\u0131m\u0131z t\u00fcm ekiplerimiz, bu alanda \u00f6zellikle yetenekli, [&hellip;]<\/p>\n","protected":false},"author":4,"featured_media":43160,"parent":133,"menu_order":20,"comment_status":"closed","ping_status":"closed","template":"","meta":{"footnotes":""},"acf":[],"aioseo_notices":[],"_links":{"self":[{"href":"https:\/\/www.eskakustik.com\/fr\/wp-json\/wp\/v2\/pages\/135"}],"collection":[{"href":"https:\/\/www.eskakustik.com\/fr\/wp-json\/wp\/v2\/pages"}],"about":[{"href":"https:\/\/www.eskakustik.com\/fr\/wp-json\/wp\/v2\/types\/page"}],"author":[{"embeddable":true,"href":"https:\/\/www.eskakustik.com\/fr\/wp-json\/wp\/v2\/users\/4"}],"replies":[{"embeddable":true,"href":"https:\/\/www.eskakustik.com\/fr\/wp-json\/wp\/v2\/comments?post=135"}],"version-history":[{"count":1,"href":"https:\/\/www.eskakustik.com\/fr\/wp-json\/wp\/v2\/pages\/135\/revisions"}],"predecessor-version":[{"id":43315,"href":"https:\/\/www.eskakustik.com\/fr\/wp-json\/wp\/v2\/pages\/135\/revisions\/43315"}],"up":[{"embeddable":true,"href":"https:\/\/www.eskakustik.com\/fr\/wp-json\/wp\/v2\/pages\/133"}],"wp:featuredmedia":[{"embeddable":true,"href":"https:\/\/www.eskakustik.com\/fr\/wp-json\/wp\/v2\/media\/43160"}],"wp:attachment":[{"href":"https:\/\/www.eskakustik.com\/fr\/wp-json\/wp\/v2\/media?parent=135"}],"curies":[{"name":"wp","href":"https:\/\/api.w.org\/{rel}","templated":true}]}}