{"id":139,"date":"2020-05-04T10:12:22","date_gmt":"2020-05-04T10:12:22","guid":{"rendered":"https:\/\/demo.z4mmedya.com\/eskdinamik\/?page_id=139"},"modified":"2023-05-03T14:19:02","modified_gmt":"2023-05-03T11:19:02","slug":"lojistik","status":"publish","type":"page","link":"https:\/\/www.eskakustik.com\/fr\/servislerimiz\/lojistik\/","title":{"rendered":"Logistique"},"content":{"rendered":"<p class=\"qtranxs-available-languages-message qtranxs-available-languages-message-fr\">Malheureusement, il n'est pas disponible dans cette langue, vous pouvez acc\u00e9der \u00e0 notre article dans nos autres langues par le haut.<\/p><p>ESK Akustik olarak, uzun y\u0131llard\u0131r sahip oldu\u011fumuz ihracat deneyimi ile, \u00fcr\u00fcnlerimizi d\u00fcnyan\u0131n her noktas\u0131na; deniz, hava, kara ve tren yolu ile g\u00f6ndermekteyiz. M\u00fc\u015fterilemizin talepleri do\u011frultusunda t\u00fcm y\u00fckleme ve sevkiyat organizasyonunu yapabilmekteyiz. Bu konuda \u00e7al\u0131\u015ft\u0131\u011f\u0131m\u0131z t\u00fcm \u00e7\u00f6z\u00fcm ortaklar\u0131m\u0131z, d\u00fcnyada ve T\u00fcrkiye&rsquo;de, uluslararas\u0131 standartlara sahip, yurt i\u00e7i ve yurt d\u0131\u015f\u0131 servis a\u011flar\u0131 geni\u015f ve zaman\u0131nda teslimat mottosuyla \u00e7al\u0131\u015fan firmalard\u0131r. Verdi\u011fimiz di\u011fer hizmetlerin yan\u0131s\u0131ra, lojistik hizmetimiz ile de m\u00fc\u015fterilerimizin memnuniyet ve g\u00fcvenini art\u0131rmay\u0131 hedefliyoruz. Hizmet verdi\u011fimiz b\u00f6lgeler a\u015fa\u011f\u0131daki gibidir.<\/p>\n<p><strong>Avrupa<\/strong> &#8211; Karayolu, denizyolu, havayolu, trenyolu ve intermodal ta\u015f\u0131mac\u0131l\u0131k<br \/>\n<strong>Asya<\/strong> &#8211; Karayolu, denizyolu, havayolu ta\u015f\u0131mac\u0131l\u0131\u011f\u0131<br \/>\n<strong>Orta Do\u011fu<\/strong> &#8211; Denizyolu, havayolu ta\u015f\u0131mac\u0131l\u0131\u011f\u0131<br \/>\n<strong>Africa<\/strong> &#8211; Karayolu, denizyolu, havayolu, ta\u015f\u0131mac\u0131l\u0131\u011f\u0131<\/p>","protected":false},"excerpt":{"rendered":"<p>Malheureusement, il n&rsquo;est pas disponible dans cette langue, vous pouvez acc\u00e9der \u00e0 notre article dans nos autres langues par le haut.ESK Akustik olarak, uzun y\u0131llard\u0131r sahip oldu\u011fumuz ihracat deneyimi ile, \u00fcr\u00fcnlerimizi d\u00fcnyan\u0131n her noktas\u0131na; deniz, hava, kara ve tren yolu ile g\u00f6ndermekteyiz. M\u00fc\u015fterilemizin talepleri do\u011frultusunda t\u00fcm y\u00fckleme ve sevkiyat organizasyonunu yapabilmekteyiz. Bu konuda \u00e7al\u0131\u015ft\u0131\u011f\u0131m\u0131z t\u00fcm [&hellip;]<\/p>\n","protected":false},"author":4,"featured_media":43316,"parent":133,"menu_order":21,"comment_status":"closed","ping_status":"closed","template":"","meta":{"footnotes":""},"acf":[],"aioseo_notices":[],"_links":{"self":[{"href":"https:\/\/www.eskakustik.com\/fr\/wp-json\/wp\/v2\/pages\/139"}],"collection":[{"href":"https:\/\/www.eskakustik.com\/fr\/wp-json\/wp\/v2\/pages"}],"about":[{"href":"https:\/\/www.eskakustik.com\/fr\/wp-json\/wp\/v2\/types\/page"}],"author":[{"embeddable":true,"href":"https:\/\/www.eskakustik.com\/fr\/wp-json\/wp\/v2\/users\/4"}],"replies":[{"embeddable":true,"href":"https:\/\/www.eskakustik.com\/fr\/wp-json\/wp\/v2\/comments?post=139"}],"version-history":[{"count":1,"href":"https:\/\/www.eskakustik.com\/fr\/wp-json\/wp\/v2\/pages\/139\/revisions"}],"predecessor-version":[{"id":43317,"href":"https:\/\/www.eskakustik.com\/fr\/wp-json\/wp\/v2\/pages\/139\/revisions\/43317"}],"up":[{"embeddable":true,"href":"https:\/\/www.eskakustik.com\/fr\/wp-json\/wp\/v2\/pages\/133"}],"wp:featuredmedia":[{"embeddable":true,"href":"https:\/\/www.eskakustik.com\/fr\/wp-json\/wp\/v2\/media\/43316"}],"wp:attachment":[{"href":"https:\/\/www.eskakustik.com\/fr\/wp-json\/wp\/v2\/media?parent=139"}],"curies":[{"name":"wp","href":"https:\/\/api.w.org\/{rel}","templated":true}]}}