{"id":1472,"date":"2020-05-25T21:16:33","date_gmt":"2020-05-25T18:16:33","guid":{"rendered":"https:\/\/www.eskakustik.com\/?page_id=1472"},"modified":"2021-06-24T01:08:05","modified_gmt":"2021-06-23T22:08:05","slug":"yangin-dayanimli-urunler","status":"publish","type":"page","link":"https:\/\/www.eskakustik.com\/fr\/yangin-dayanimli-urunler\/","title":{"rendered":"Produits ignifuges"},"content":{"rendered":"<p>L&rsquo;utilisation de produits r\u00e9sistants au feu \u00e0 l&rsquo;int\u00e9rieur est extr\u00eamement importante pour la sant\u00e9 et la s\u00e9curit\u00e9 des personnes \u00e0 l&rsquo;int\u00e9rieur. Notre entreprise agit avec cette conscience et attache de l&rsquo;importance \u00e0 la production de panneaux acoustiques et d\u00e9coratifs r\u00e9sistants au feu. Nous pouvons fournir une r\u00e9sistance au feu dans toutes les mati\u00e8res premi\u00e8res que nous utilisons et les applications qui y sont faites. Nous fournissons des produits conformes aux normes d&rsquo;incendie d\u00e9termin\u00e9es par les normes et r\u00e9glementations mondiales, tant au niveau national qu&rsquo;international, puis nous proposons ces produits \u00e0 l&rsquo;usage de nos clients en les transformant en produits acoustiques et d\u00e9coratifs adapt\u00e9s aux espaces int\u00e9rieurs. Les classes ignifuges que nous proposons sont les suivantes.<\/p>\n<p>Panneaux acoustiques en bois: B s1 d0, B s2 d0, A1 s1 d0, A2 s1 d0, D s2 d0<\/p>\n<ul>\n<li>Les panneaux MDF bruts r\u00e9sistants au feu et MDF rev\u00eatus que nous utilisons ont ces classes de feu. De plus, nous pouvons fournir la classe de r\u00e9sistance au feu souhait\u00e9e en utilisant un vernis r\u00e9sistant au feu dans des rev\u00eatements en bois fabriqu\u00e9s en MDF. Nous pouvons \u00e9galement utiliser de la peinture ignifuge dans des produits laqu\u00e9s appliqu\u00e9s sur du MDF brut r\u00e9sistant au feu.<\/li>\n<\/ul>\n<p>Panneaux acoustiques en tissu: B s1 d0, B s2 d0<\/p>\n<ul>\n<li>Nous pouvons fournir la classe de r\u00e9sistance au feu requise en appliquant un tissu acoustique en fil ignifuge sur de la laine de verre de classe A1 et en utilisant des produits chimiques ignifuges dans tous les adh\u00e9sifs utilis\u00e9s.<\/li>\n<\/ul>\n<p>Panneaux lin\u00e9aires en bois: B s1 d0, B s2 d0, A1 s1 d0, A2 s1 d0, D s2 d0<\/p>\n<p>Panneaux en bois acoustiques micro perfor\u00e9s: B s1 d0, B s2 d0, A1 s1 d0, A2 s1 d0, D s2 d0<\/p>\n<p>Panneaux muraux acoustiques mobiles: B s1 d0, B s2 d0, A1 s1 d0, A2 s1 d0, D s2 d0<\/p>\n<p>Panneaux d\u00e9coratifs en bois: B s1 d0, B s2 d0, A1 s1 d0, A2 s1 d0, D s2 d0<\/p>\n<ul>\n<li>En tant que panneaux acoustiques en bois, nos 4 produits ci-dessus ont ces classes de feu, qui sont sp\u00e9cifi\u00e9es comme MDF brut r\u00e9sistant au feu et panneaux MDF enduits. De plus, nous pouvons fournir la classe de r\u00e9sistance au feu souhait\u00e9e en utilisant un vernis r\u00e9sistant au feu dans des rev\u00eatements en bois fabriqu\u00e9s en MDF. Nous pouvons \u00e9galement utiliser de la peinture ignifuge dans des produits laqu\u00e9s appliqu\u00e9s sur du MDF brut r\u00e9sistant au feu.<\/li>\n<\/ul>\n<p>Des places: B classe<\/p>\n<p>Carreaux de tapis acoustiques: Bfl \u2013 s1<\/p>\n<p>Nous fournissons des produits ignifuges sur le march\u00e9 national et international tels que Kastamonu Entegre, Y\u0131ld\u0131z Entegre, Egger, Finsa, Kronospan.<\/p>","protected":false},"excerpt":{"rendered":"<p>L&rsquo;utilisation de produits r\u00e9sistants au feu \u00e0 l&rsquo;int\u00e9rieur est extr\u00eamement importante pour la sant\u00e9 et la s\u00e9curit\u00e9 des personnes \u00e0 l&rsquo;int\u00e9rieur. Notre entreprise agit avec cette conscience et attache de l&rsquo;importance \u00e0 la production de panneaux acoustiques et d\u00e9coratifs r\u00e9sistants au feu. Nous pouvons fournir une r\u00e9sistance au feu dans toutes les mati\u00e8res premi\u00e8res que [&hellip;]<\/p>\n","protected":false},"author":4,"featured_media":0,"parent":0,"menu_order":7,"comment_status":"closed","ping_status":"closed","template":"","meta":{"footnotes":""},"acf":[],"aioseo_notices":[],"_links":{"self":[{"href":"https:\/\/www.eskakustik.com\/fr\/wp-json\/wp\/v2\/pages\/1472"}],"collection":[{"href":"https:\/\/www.eskakustik.com\/fr\/wp-json\/wp\/v2\/pages"}],"about":[{"href":"https:\/\/www.eskakustik.com\/fr\/wp-json\/wp\/v2\/types\/page"}],"author":[{"embeddable":true,"href":"https:\/\/www.eskakustik.com\/fr\/wp-json\/wp\/v2\/users\/4"}],"replies":[{"embeddable":true,"href":"https:\/\/www.eskakustik.com\/fr\/wp-json\/wp\/v2\/comments?post=1472"}],"version-history":[{"count":0,"href":"https:\/\/www.eskakustik.com\/fr\/wp-json\/wp\/v2\/pages\/1472\/revisions"}],"wp:attachment":[{"href":"https:\/\/www.eskakustik.com\/fr\/wp-json\/wp\/v2\/media?parent=1472"}],"curies":[{"name":"wp","href":"https:\/\/api.w.org\/{rel}","templated":true}]}}