{"id":2095,"date":"2021-01-04T13:33:22","date_gmt":"2021-01-04T10:33:22","guid":{"rendered":"https:\/\/www.eskakustik.com\/?page_id=2095"},"modified":"2023-07-11T23:24:34","modified_gmt":"2023-07-11T20:24:34","slug":"feedback","status":"publish","type":"page","link":"https:\/\/www.eskakustik.com\/fr\/feedback\/","title":{"rendered":"Formulaire d&rsquo;enqu\u00eate de satisfaction client"},"content":{"rendered":"\t\t<div data-elementor-type=\"wp-page\" data-elementor-id=\"2095\" class=\"elementor elementor-2095\" data-elementor-post-type=\"page\">\n\t\t\t\t\t\t<section class=\"elementor-section elementor-top-section elementor-element elementor-element-37aa6a34 elementor-section-boxed elementor-section-height-default elementor-section-height-default\" data-id=\"37aa6a34\" data-element_type=\"section\">\n\t\t\t\t\t\t<div class=\"elementor-container elementor-column-gap-default\">\n\t\t\t\t\t<div class=\"elementor-column elementor-col-100 elementor-top-column elementor-element elementor-element-6a8a0364\" data-id=\"6a8a0364\" data-element_type=\"column\">\n\t\t\t<div class=\"elementor-widget-wrap elementor-element-populated\">\n\t\t\t\t\t\t<div class=\"elementor-element elementor-element-11c6ee56 elementor-widget elementor-widget-text-editor\" data-id=\"11c6ee56\" data-element_type=\"widget\" data-widget_type=\"text-editor.default\">\n\t\t\t\t<div class=\"elementor-widget-container\">\n\t\t\t\t\t\t\tCher client,\r\nNous aimerions vous demander des id\u00e9es pour nos produits et services. Nous vous prions de bien vouloir remplir le formulaire d&rsquo;enqu\u00eate pour am\u00e9liorer nos produits et services.\t\t\t\t\t\t<\/div>\n\t\t\t\t<\/div>\n\t\t\t\t<div class=\"elementor-element elementor-element-6743f8a elementor-button-align-stretch elementor-widget elementor-widget-form\" data-id=\"6743f8a\" data-element_type=\"widget\" data-settings=\"{&quot;step_next_label&quot;:&quot;Next&quot;,&quot;step_previous_label&quot;:&quot;Previous&quot;,&quot;button_width&quot;:&quot;100&quot;,&quot;step_type&quot;:&quot;number_text&quot;,&quot;step_icon_shape&quot;:&quot;circle&quot;}\" data-widget_type=\"form.default\">\n\t\t\t\t<div class=\"elementor-widget-container\">\n\t\t\t\t\t<form class=\"elementor-form\" method=\"post\" name=\"M\u00fc\u015fteri Memnuniyet Anket Formu\">\n\t\t\t<input type=\"hidden\" name=\"post_id\" value=\"2095\"\/>\n\t\t\t<input type=\"hidden\" name=\"form_id\" value=\"6743f8a\"\/>\n\t\t\t<input type=\"hidden\" name=\"referer_title\" value=\"\" \/>\n\n\t\t\t\n\t\t\t<div class=\"elementor-form-fields-wrapper elementor-labels-above\">\n\t\t\t\t\t\t\t\t<div class=\"elementor-field-type-text elementor-field-group elementor-column elementor-field-group-sirket_adi elementor-col-50 elementor-field-required\">\n\t\t\t\t\t\t\t\t\t\t\t\t<label for=\"form-field-sirket_adi\" class=\"elementor-field-label\">\n\t\t\t\t\t\t\t\tNom de la compagnie\t\t\t\t\t\t\t<\/label>\n\t\t\t\t\t\t\t\t\t\t\t\t\t\t<input size=\"1\" type=\"text\" name=\"form_fields[sirket_adi]\" id=\"form-field-sirket_adi\" class=\"elementor-field elementor-size-sm  elementor-field-textual\" required=\"required\" aria-required=\"true\">\n\t\t\t\t\t\t\t\t\t\t\t<\/div>\n\t\t\t\t\t\t\t\t<div class=\"elementor-field-type-text elementor-field-group elementor-column elementor-field-group-faaliyet_alani elementor-col-50\">\n\t\t\t\t\t\t\t\t\t\t\t\t<label for=\"form-field-faaliyet_alani\" class=\"elementor-field-label\">\n\t\t\t\t\t\t\t\tDomaine d'activit\u00e9 de votre entreprise\t\t\t\t\t\t\t<\/label>\n\t\t\t\t\t\t\t\t\t\t\t\t\t\t<input size=\"1\" type=\"text\" name=\"form_fields[faaliyet_alani]\" id=\"form-field-faaliyet_alani\" class=\"elementor-field elementor-size-sm  elementor-field-textual\">\n\t\t\t\t\t\t\t\t\t\t\t<\/div>\n\t\t\t\t\t\t\t\t<div class=\"elementor-field-type-text elementor-field-group elementor-column elementor-field-group-sirket_adresi elementor-col-100\">\n\t\t\t\t\t\t\t\t\t\t\t\t<label for=\"form-field-sirket_adresi\" class=\"elementor-field-label\">\n\t\t\t\t\t\t\t\tAdresse\t\t\t\t\t\t\t<\/label>\n\t\t\t\t\t\t\t\t\t\t\t\t\t\t<input size=\"1\" type=\"text\" name=\"form_fields[sirket_adresi]\" id=\"form-field-sirket_adresi\" class=\"elementor-field elementor-size-sm  elementor-field-textual\">\n\t\t\t\t\t\t\t\t\t\t\t<\/div>\n\t\t\t\t\t\t\t\t<div class=\"elementor-field-type-tel elementor-field-group elementor-column elementor-field-group-field_c0191d2 elementor-col-50\">\n\t\t\t\t\t\t\t\t\t\t\t\t<label for=\"form-field-field_c0191d2\" class=\"elementor-field-label\">\n\t\t\t\t\t\t\t\tT\u00e9l\u00e9phone\t\t\t\t\t\t\t<\/label>\n\t\t\t\t\t\t\t\t<input size=\"1\" type=\"tel\" name=\"form_fields[field_c0191d2]\" id=\"form-field-field_c0191d2\" class=\"elementor-field elementor-size-sm  elementor-field-textual\" pattern=\"[0-9()#&amp;+*-=.]+\" title=\"Seuls les caract\u00e8res de num\u00e9ros de t\u00e9l\u00e9phone (#, -, *, etc.) sont accept\u00e9s.\">\n\n\t\t\t\t\t\t<\/div>\n\t\t\t\t\t\t\t\t<div class=\"elementor-field-type-email elementor-field-group elementor-column elementor-field-group-anket_email elementor-col-50 elementor-field-required\">\n\t\t\t\t\t\t\t\t\t\t\t\t<label for=\"form-field-anket_email\" class=\"elementor-field-label\">\n\t\t\t\t\t\t\t\tEmail\t\t\t\t\t\t\t<\/label>\n\t\t\t\t\t\t\t\t\t\t\t\t\t\t<input size=\"1\" type=\"email\" name=\"form_fields[anket_email]\" id=\"form-field-anket_email\" class=\"elementor-field elementor-size-sm  elementor-field-textual\" required=\"required\" aria-required=\"true\">\n\t\t\t\t\t\t\t\t\t\t\t<\/div>\n\t\t\t\t\t\t\t\t<div class=\"elementor-field-type-html elementor-field-group elementor-column elementor-field-group-field_2471c43 elementor-col-100\">\n\t\t\t\t\t&nbsp;\t\t\t\t<\/div>\n\t\t\t\t\t\t\t\t<div class=\"elementor-field-type-text elementor-field-group elementor-column elementor-field-group-alinan_hizmet elementor-col-70\">\n\t\t\t\t\t\t\t\t\t\t\t\t<label for=\"form-field-alinan_hizmet\" class=\"elementor-field-label\">\n\t\t\t\t\t\t\t\tLe produit ou service que vous avez achet\u00e9\t\t\t\t\t\t\t<\/label>\n\t\t\t\t\t\t\t\t\t\t\t\t\t\t<input size=\"1\" type=\"text\" name=\"form_fields[alinan_hizmet]\" id=\"form-field-alinan_hizmet\" class=\"elementor-field elementor-size-sm  elementor-field-textual\" placeholder=\"Produit ou Service\">\n\t\t\t\t\t\t\t\t\t\t\t<\/div>\n\t\t\t\t\t\t\t\t<div class=\"elementor-field-type-number elementor-field-group elementor-column elementor-field-group-miktar elementor-col-30\">\n\t\t\t\t\t\t\t\t\t\t\t\t<label for=\"form-field-miktar\" class=\"elementor-field-label\">\n\t\t\t\t\t\t\t\tQuantit\u00e9\t\t\t\t\t\t\t<\/label>\n\t\t\t\t\t\t\t\t\t<input type=\"number\" name=\"form_fields[miktar]\" id=\"form-field-miktar\" class=\"elementor-field elementor-size-sm  elementor-field-textual\" placeholder=\"Quantit\u00e9\" min=\"\" max=\"\" >\n\t\t\t\t\t\t<\/div>\n\t\t\t\t\t\t\t\t<div class=\"elementor-field-type-text elementor-field-group elementor-column elementor-field-group-field_8919a38 elementor-col-70\">\n\t\t\t\t\t\t\t\t\t\t\t\t<label for=\"form-field-field_8919a38\" class=\"elementor-field-label\">\n\t\t\t\t\t\t\t\tLe produit ou service que vous avez achet\u00e9\t\t\t\t\t\t\t<\/label>\n\t\t\t\t\t\t\t\t\t\t\t\t\t\t<input size=\"1\" type=\"text\" name=\"form_fields[field_8919a38]\" id=\"form-field-field_8919a38\" class=\"elementor-field elementor-size-sm  elementor-field-textual\" placeholder=\"Produit ou Service\">\n\t\t\t\t\t\t\t\t\t\t\t<\/div>\n\t\t\t\t\t\t\t\t<div class=\"elementor-field-type-number elementor-field-group elementor-column elementor-field-group-field_f994886 elementor-col-30\">\n\t\t\t\t\t\t\t\t\t\t\t\t<label for=\"form-field-field_f994886\" class=\"elementor-field-label\">\n\t\t\t\t\t\t\t\tQuantit\u00e9\t\t\t\t\t\t\t<\/label>\n\t\t\t\t\t\t\t\t\t<input type=\"number\" name=\"form_fields[field_f994886]\" id=\"form-field-field_f994886\" class=\"elementor-field elementor-size-sm  elementor-field-textual\" placeholder=\"Quantit\u00e9\" min=\"\" max=\"\" >\n\t\t\t\t\t\t<\/div>\n\t\t\t\t\t\t\t\t<div class=\"elementor-field-type-text elementor-field-group elementor-column elementor-field-group-field_84a4a9e elementor-col-70\">\n\t\t\t\t\t\t\t\t\t\t\t\t<label for=\"form-field-field_84a4a9e\" class=\"elementor-field-label\">\n\t\t\t\t\t\t\t\tLe produit ou service que vous avez achet\u00e9\t\t\t\t\t\t\t<\/label>\n\t\t\t\t\t\t\t\t\t\t\t\t\t\t<input size=\"1\" type=\"text\" name=\"form_fields[field_84a4a9e]\" id=\"form-field-field_84a4a9e\" class=\"elementor-field elementor-size-sm  elementor-field-textual\" placeholder=\"Produit ou Service\">\n\t\t\t\t\t\t\t\t\t\t\t<\/div>\n\t\t\t\t\t\t\t\t<div class=\"elementor-field-type-number elementor-field-group elementor-column elementor-field-group-field_b8a02b8 elementor-col-30\">\n\t\t\t\t\t\t\t\t\t\t\t\t<label for=\"form-field-field_b8a02b8\" class=\"elementor-field-label\">\n\t\t\t\t\t\t\t\tQuantit\u00e9\t\t\t\t\t\t\t<\/label>\n\t\t\t\t\t\t\t\t\t<input type=\"number\" name=\"form_fields[field_b8a02b8]\" id=\"form-field-field_b8a02b8\" class=\"elementor-field elementor-size-sm  elementor-field-textual\" placeholder=\"Quantit\u00e9\" min=\"\" max=\"\" >\n\t\t\t\t\t\t<\/div>\n\t\t\t\t\t\t\t\t<div class=\"elementor-field-type-html elementor-field-group elementor-column elementor-field-group-field_1573031 elementor-col-100\">\n\t\t\t\t\t&nbsp;\t\t\t\t<\/div>\n\t\t\t\t\t\t\t\t<div class=\"elementor-field-type-radio elementor-field-group elementor-column elementor-field-group-field_7b3a6c9 elementor-col-100\">\n\t\t\t\t\t\t\t\t\t\t\t\t<label for=\"form-field-field_7b3a6c9\" class=\"elementor-field-label\">\n\t\t\t\t\t\t\t\t\u00cates-vous satisfait de nos produits?\t\t\t\t\t\t\t<\/label>\n\t\t\t\t\t\t<div class=\"elementor-field-subgroup  elementor-subgroup-inline\"><span class=\"elementor-field-option\"><input type=\"radio\" value=\"Oui\" id=\"form-field-field_7b3a6c9-0\" name=\"form_fields[field_7b3a6c9]\"> <label for=\"form-field-field_7b3a6c9-0\">Oui<\/label><\/span><span class=\"elementor-field-option\"><input type=\"radio\" value=\"Non\" id=\"form-field-field_7b3a6c9-1\" name=\"form_fields[field_7b3a6c9]\"> <label for=\"form-field-field_7b3a6c9-1\">Non<\/label><\/span><\/div>\t\t\t\t<\/div>\n\t\t\t\t\t\t\t\t<div class=\"elementor-field-type-html elementor-field-group elementor-column elementor-field-group-field_8517b19 elementor-col-100\">\n\t\t\t\t\tSi vous n'\u00eates pas satisfait;\n\t\t\t\t<\/div>\n\t\t\t\t\t\t\t\t<div class=\"elementor-field-type-textarea elementor-field-group elementor-column elementor-field-group-field_ae2eab8 elementor-col-70\">\n\t\t\t\t\t\t\t\t\t\t\t\t<label for=\"form-field-field_ae2eab8\" class=\"elementor-field-label\">\n\t\t\t\t\t\t\t\tVeuillez indiquer la raison de votre insatisfaction concernant le produit ou le service que vous avez achet\u00e9.\t\t\t\t\t\t\t<\/label>\n\t\t\t\t\t\t<textarea class=\"elementor-field-textual elementor-field  elementor-size-sm\" name=\"form_fields[field_ae2eab8]\" id=\"form-field-field_ae2eab8\" rows=\"4\"><\/textarea>\t\t\t\t<\/div>\n\t\t\t\t\t\t\t\t<div class=\"elementor-field-type-radio elementor-field-group elementor-column elementor-field-group-field_a9f8a00 elementor-col-30\">\n\t\t\t\t\t\t\t\t\t\t\t\t<label for=\"form-field-field_a9f8a00\" class=\"elementor-field-label\">\n\t\t\t\t\t\t\t\tAvez-vous signal\u00e9 votre probl\u00e8me ?\t\t\t\t\t\t\t<\/label>\n\t\t\t\t\t\t<div class=\"elementor-field-subgroup  \"><span class=\"elementor-field-option\"><input type=\"radio\" value=\"Aucun Probl\u00e8me\" id=\"form-field-field_a9f8a00-0\" name=\"form_fields[field_a9f8a00]\"> <label for=\"form-field-field_a9f8a00-0\">Aucun Probl\u00e8me<\/label><\/span><span class=\"elementor-field-option\"><input type=\"radio\" value=\"J&#039;ai post\u00e9 le probl\u00e8me\" id=\"form-field-field_a9f8a00-1\" name=\"form_fields[field_a9f8a00]\"> <label for=\"form-field-field_a9f8a00-1\">J'ai post\u00e9 le probl\u00e8me<\/label><\/span><span class=\"elementor-field-option\"><input type=\"radio\" value=\"Je n&#039;ai pas transmis le probl\u00e8me\" id=\"form-field-field_a9f8a00-2\" name=\"form_fields[field_a9f8a00]\"> <label for=\"form-field-field_a9f8a00-2\">Je n'ai pas transmis le probl\u00e8me<\/label><\/span><\/div>\t\t\t\t<\/div>\n\t\t\t\t\t\t\t\t<div class=\"elementor-field-type-textarea elementor-field-group elementor-column elementor-field-group-field_23ac616 elementor-col-100\">\n\t\t\t\t\t\t\t\t\t\t\t\t<label for=\"form-field-field_23ac616\" class=\"elementor-field-label\">\n\t\t\t\t\t\t\t\tLe probl\u00e8me que vous avez signal\u00e9 a-t-il \u00e9t\u00e9 corrig\u00e9? Veuillez pr\u00e9ciser ci-dessous.\t\t\t\t\t\t\t<\/label>\n\t\t\t\t\t\t<textarea class=\"elementor-field-textual elementor-field  elementor-size-sm\" name=\"form_fields[field_23ac616]\" id=\"form-field-field_23ac616\" rows=\"4\"><\/textarea>\t\t\t\t<\/div>\n\t\t\t\t\t\t\t\t<div class=\"elementor-field-type-html elementor-field-group elementor-column elementor-field-group-field_1956ed5 elementor-col-100\">\n\t\t\t\t\tVeuillez \u00e9valuer nos produits et services.\t\t\t\t<\/div>\n\t\t\t\t\t\t\t\t<div class=\"elementor-field-type-radio elementor-field-group elementor-column elementor-field-group-fiyat_radio elementor-col-20\">\n\t\t\t\t\t\t\t\t\t\t\t\t<label for=\"form-field-fiyat_radio\" class=\"elementor-field-label\">\n\t\t\t\t\t\t\t\tPrix\t\t\t\t\t\t\t<\/label>\n\t\t\t\t\t\t<div class=\"elementor-field-subgroup  elementor-subgroup-inline\"><span class=\"elementor-field-option\"><input type=\"radio\" value=\"1\" id=\"form-field-fiyat_radio-0\" name=\"form_fields[fiyat_radio]\"> <label for=\"form-field-fiyat_radio-0\">1<\/label><\/span><span class=\"elementor-field-option\"><input type=\"radio\" value=\"2\" id=\"form-field-fiyat_radio-1\" name=\"form_fields[fiyat_radio]\"> <label for=\"form-field-fiyat_radio-1\">2<\/label><\/span><span class=\"elementor-field-option\"><input type=\"radio\" value=\"3\" id=\"form-field-fiyat_radio-2\" name=\"form_fields[fiyat_radio]\"> <label for=\"form-field-fiyat_radio-2\">3<\/label><\/span><span class=\"elementor-field-option\"><input type=\"radio\" value=\"4\" id=\"form-field-fiyat_radio-3\" name=\"form_fields[fiyat_radio]\"> <label for=\"form-field-fiyat_radio-3\">4<\/label><\/span><span class=\"elementor-field-option\"><input type=\"radio\" value=\"5\" id=\"form-field-fiyat_radio-4\" name=\"form_fields[fiyat_radio]\"> <label for=\"form-field-fiyat_radio-4\">5<\/label><\/span><\/div>\t\t\t\t<\/div>\n\t\t\t\t\t\t\t\t<div class=\"elementor-field-type-radio elementor-field-group elementor-column elementor-field-group-kalite_radio elementor-col-20\">\n\t\t\t\t\t\t\t\t\t\t\t\t<label for=\"form-field-kalite_radio\" class=\"elementor-field-label\">\n\t\t\t\t\t\t\t\tQualit\u00e9\t\t\t\t\t\t\t<\/label>\n\t\t\t\t\t\t<div class=\"elementor-field-subgroup  elementor-subgroup-inline\"><span class=\"elementor-field-option\"><input type=\"radio\" value=\"1\" id=\"form-field-kalite_radio-0\" name=\"form_fields[kalite_radio]\"> <label for=\"form-field-kalite_radio-0\">1<\/label><\/span><span class=\"elementor-field-option\"><input type=\"radio\" value=\"2\" id=\"form-field-kalite_radio-1\" name=\"form_fields[kalite_radio]\"> <label for=\"form-field-kalite_radio-1\">2<\/label><\/span><span class=\"elementor-field-option\"><input type=\"radio\" value=\"3\" id=\"form-field-kalite_radio-2\" name=\"form_fields[kalite_radio]\"> <label for=\"form-field-kalite_radio-2\">3<\/label><\/span><span class=\"elementor-field-option\"><input type=\"radio\" value=\"4\" id=\"form-field-kalite_radio-3\" name=\"form_fields[kalite_radio]\"> <label for=\"form-field-kalite_radio-3\">4<\/label><\/span><span class=\"elementor-field-option\"><input type=\"radio\" value=\"5\" id=\"form-field-kalite_radio-4\" name=\"form_fields[kalite_radio]\"> <label for=\"form-field-kalite_radio-4\">5<\/label><\/span><\/div>\t\t\t\t<\/div>\n\t\t\t\t\t\t\t\t<div class=\"elementor-field-type-radio elementor-field-group elementor-column elementor-field-group-teslimat_radio elementor-col-20\">\n\t\t\t\t\t\t\t\t\t\t\t\t<label for=\"form-field-teslimat_radio\" class=\"elementor-field-label\">\n\t\t\t\t\t\t\t\tLivraison \u00e0 temps\t\t\t\t\t\t\t<\/label>\n\t\t\t\t\t\t<div class=\"elementor-field-subgroup  elementor-subgroup-inline\"><span class=\"elementor-field-option\"><input type=\"radio\" value=\"1\" id=\"form-field-teslimat_radio-0\" name=\"form_fields[teslimat_radio]\"> <label for=\"form-field-teslimat_radio-0\">1<\/label><\/span><span class=\"elementor-field-option\"><input type=\"radio\" value=\"2\" id=\"form-field-teslimat_radio-1\" name=\"form_fields[teslimat_radio]\"> <label for=\"form-field-teslimat_radio-1\">2<\/label><\/span><span class=\"elementor-field-option\"><input type=\"radio\" value=\"3\" id=\"form-field-teslimat_radio-2\" name=\"form_fields[teslimat_radio]\"> <label for=\"form-field-teslimat_radio-2\">3<\/label><\/span><span class=\"elementor-field-option\"><input type=\"radio\" value=\"4\" id=\"form-field-teslimat_radio-3\" name=\"form_fields[teslimat_radio]\"> <label for=\"form-field-teslimat_radio-3\">4<\/label><\/span><span class=\"elementor-field-option\"><input type=\"radio\" value=\"5\" id=\"form-field-teslimat_radio-4\" name=\"form_fields[teslimat_radio]\"> <label for=\"form-field-teslimat_radio-4\">5<\/label><\/span><\/div>\t\t\t\t<\/div>\n\t\t\t\t\t\t\t\t<div class=\"elementor-field-type-radio elementor-field-group elementor-column elementor-field-group-personel_radio elementor-col-20\">\n\t\t\t\t\t\t\t\t\t\t\t\t<label for=\"form-field-personel_radio\" class=\"elementor-field-label\">\n\t\t\t\t\t\t\t\tRepr\u00e9sentant(e)\t\t\t\t\t\t\t<\/label>\n\t\t\t\t\t\t<div class=\"elementor-field-subgroup  elementor-subgroup-inline\"><span class=\"elementor-field-option\"><input type=\"radio\" value=\"1\" id=\"form-field-personel_radio-0\" name=\"form_fields[personel_radio]\"> <label for=\"form-field-personel_radio-0\">1<\/label><\/span><span class=\"elementor-field-option\"><input type=\"radio\" value=\"2\" id=\"form-field-personel_radio-1\" name=\"form_fields[personel_radio]\"> <label for=\"form-field-personel_radio-1\">2<\/label><\/span><span class=\"elementor-field-option\"><input type=\"radio\" value=\"3\" id=\"form-field-personel_radio-2\" name=\"form_fields[personel_radio]\"> <label for=\"form-field-personel_radio-2\">3<\/label><\/span><span class=\"elementor-field-option\"><input type=\"radio\" value=\"4\" id=\"form-field-personel_radio-3\" name=\"form_fields[personel_radio]\"> <label for=\"form-field-personel_radio-3\">4<\/label><\/span><span class=\"elementor-field-option\"><input type=\"radio\" value=\"5\" id=\"form-field-personel_radio-4\" name=\"form_fields[personel_radio]\"> <label for=\"form-field-personel_radio-4\">5<\/label><\/span><\/div>\t\t\t\t<\/div>\n\t\t\t\t\t\t\t\t<div class=\"elementor-field-type-radio elementor-field-group elementor-column elementor-field-group-nakliye_radio elementor-col-20\">\n\t\t\t\t\t\t\t\t\t\t\t\t<label for=\"form-field-nakliye_radio\" class=\"elementor-field-label\">\n\t\t\t\t\t\t\t\tLivraison\t\t\t\t\t\t\t<\/label>\n\t\t\t\t\t\t<div class=\"elementor-field-subgroup  elementor-subgroup-inline\"><span class=\"elementor-field-option\"><input type=\"radio\" value=\"1\" id=\"form-field-nakliye_radio-0\" name=\"form_fields[nakliye_radio]\"> <label for=\"form-field-nakliye_radio-0\">1<\/label><\/span><span class=\"elementor-field-option\"><input type=\"radio\" value=\"2\" id=\"form-field-nakliye_radio-1\" name=\"form_fields[nakliye_radio]\"> <label for=\"form-field-nakliye_radio-1\">2<\/label><\/span><span class=\"elementor-field-option\"><input type=\"radio\" value=\"3\" id=\"form-field-nakliye_radio-2\" name=\"form_fields[nakliye_radio]\"> <label for=\"form-field-nakliye_radio-2\">3<\/label><\/span><span class=\"elementor-field-option\"><input type=\"radio\" value=\"4\" id=\"form-field-nakliye_radio-3\" name=\"form_fields[nakliye_radio]\"> <label for=\"form-field-nakliye_radio-3\">4<\/label><\/span><span class=\"elementor-field-option\"><input type=\"radio\" value=\"5\" id=\"form-field-nakliye_radio-4\" name=\"form_fields[nakliye_radio]\"> <label for=\"form-field-nakliye_radio-4\">5<\/label><\/span><\/div>\t\t\t\t<\/div>\n\t\t\t\t\t\t\t\t<div class=\"elementor-field-type-html elementor-field-group elementor-column elementor-field-group-field_5175b00 elementor-col-100\">\n\t\t\t\t\t<h5>\nVotre Nom\n\n<\/h5>\t\t\t\t<\/div>\n\t\t\t\t\t\t\t\t<div class=\"elementor-field-type-text elementor-field-group elementor-column elementor-field-group-yetkili_kisi elementor-col-100\">\n\t\t\t\t\t\t\t\t\t\t\t\t<label for=\"form-field-yetkili_kisi\" class=\"elementor-field-label\">\n\t\t\t\t\t\t\t\tVotre Nom\t\t\t\t\t\t\t<\/label>\n\t\t\t\t\t\t\t\t\t\t\t\t\t\t<input size=\"1\" type=\"text\" name=\"form_fields[yetkili_kisi]\" id=\"form-field-yetkili_kisi\" class=\"elementor-field elementor-size-sm  elementor-field-textual\">\n\t\t\t\t\t\t\t\t\t\t\t<\/div>\n\t\t\t\t\t\t\t\t<div class=\"elementor-field-type-acceptance elementor-field-group elementor-column elementor-field-group-field_6898caf elementor-col-100 elementor-field-required\">\n\t\t\t\t\t\t\t<div class=\"elementor-field-subgroup\">\n\t\t\t<span class=\"elementor-field-option\">\n\t\t\t\t<input type=\"checkbox\" name=\"form_fields[field_6898caf]\" id=\"form-field-field_6898caf\" class=\"elementor-field elementor-size-sm  elementor-acceptance-field\" required=\"required\" aria-required=\"true\" checked=\"checked\">\n\t\t\t\t<label for=\"form-field-field_6898caf\">J'accepte qu'ESK Acoustic puisse utiliser ce formulaire pour d\u00e9velopper la qualit\u00e9 commerciale.\n<\/label>\t\t\t<\/span>\n\t\t<\/div>\n\t\t\t\t\t\t<\/div>\n\t\t\t\t\t\t\t\t<div class=\"elementor-field-group elementor-column elementor-field-type-submit elementor-col-100 e-form__buttons\">\n\t\t\t\t\t<button class=\"elementor-button elementor-size-sm\" type=\"submit\">\n\t\t\t\t\t\t<span class=\"elementor-button-content-wrapper\">\n\t\t\t\t\t\t\t\t\t\t\t\t\t\t\t\t\t\t\t\t\t\t<span class=\"elementor-button-text\">Envoyer<\/span>\n\t\t\t\t\t\t\t\t\t\t\t\t\t<\/span>\n\t\t\t\t\t<\/button>\n\t\t\t\t<\/div>\n\t\t\t<\/div>\n\t\t<\/form>\n\t\t\t\t<\/div>\n\t\t\t\t<\/div>\n\t\t\t\t\t<\/div>\n\t\t<\/div>\n\t\t\t\t\t<\/div>\n\t\t<\/section>\n\t\t\t\t<\/div>\n\t\t","protected":false},"excerpt":{"rendered":"<p>Cher client, Nous aimerions vous demander des id\u00e9es pour nos produits et services. Nous vous prions de bien vouloir remplir le formulaire d&rsquo;enqu\u00eate pour am\u00e9liorer nos produits et services.<\/p>\n","protected":false},"author":4,"featured_media":0,"parent":0,"menu_order":5,"comment_status":"closed","ping_status":"closed","template":"","meta":{"footnotes":""},"acf":[],"aioseo_notices":[],"_links":{"self":[{"href":"https:\/\/www.eskakustik.com\/fr\/wp-json\/wp\/v2\/pages\/2095"}],"collection":[{"href":"https:\/\/www.eskakustik.com\/fr\/wp-json\/wp\/v2\/pages"}],"about":[{"href":"https:\/\/www.eskakustik.com\/fr\/wp-json\/wp\/v2\/types\/page"}],"author":[{"embeddable":true,"href":"https:\/\/www.eskakustik.com\/fr\/wp-json\/wp\/v2\/users\/4"}],"replies":[{"embeddable":true,"href":"https:\/\/www.eskakustik.com\/fr\/wp-json\/wp\/v2\/comments?post=2095"}],"version-history":[{"count":27,"href":"https:\/\/www.eskakustik.com\/fr\/wp-json\/wp\/v2\/pages\/2095\/revisions"}],"predecessor-version":[{"id":44276,"href":"https:\/\/www.eskakustik.com\/fr\/wp-json\/wp\/v2\/pages\/2095\/revisions\/44276"}],"wp:attachment":[{"href":"https:\/\/www.eskakustik.com\/fr\/wp-json\/wp\/v2\/media?parent=2095"}],"curies":[{"name":"wp","href":"https:\/\/api.w.org\/{rel}","templated":true}]}}