{"id":57,"date":"2020-05-03T06:22:07","date_gmt":"2020-05-03T03:22:07","guid":{"rendered":"https:\/\/demo.z4mmedya.com\/eskdinamik\/?page_id=57"},"modified":"2025-06-26T18:44:44","modified_gmt":"2025-06-26T15:44:44","slug":"kurumsal","status":"publish","type":"page","link":"https:\/\/www.eskakustik.com\/fr\/kurumsal\/","title":{"rendered":"\u00c0 Propos de Nous"},"content":{"rendered":"<p><\/p>\n<h3 data-start=\"2361\" data-end=\"2386\"><strong data-start=\"2366\" data-end=\"2386\">\u00c0 Propos de Nous<\/strong><\/h3>\n<p data-start=\"2388\" data-end=\"2835\">Fond\u00e9e en 2005, notre entreprise a fait son entr\u00e9e dans l\u2019industrie avec la vente et l&rsquo;installation de syst\u00e8mes de plafonds suspendus. En 2010, nous avons commenc\u00e9 \u00e0 produire des panneaux acoustiques en bois sous le nom de <strong data-start=\"2611\" data-end=\"2627\">ESK Acoustic<\/strong>. Avec nos installations de production situ\u00e9es en Turquie et au Maroc, nous fabriquons des produits acoustiques en bois de haute qualit\u00e9 conform\u00e9ment aux syst\u00e8mes de qualit\u00e9 ISO 9001:2000 et OHSAS 18001:2007.<\/p>\n<h4 data-start=\"2837\" data-end=\"2889\"><em>Notre gamme de produits chez ESK Acoustic:<\/em><\/h4>\n<ul data-start=\"2891\" data-end=\"4053\">\n<li data-start=\"2891\" data-end=\"3051\">\n<p data-start=\"2893\" data-end=\"3051\">Panneaux Acoustiques en Bois : Panneaux con\u00e7us pour des applications au plafond et sur les murs, offrant une isolation phonique et une esth\u00e9tique soign\u00e9e.<\/p>\n<\/li>\n<li data-start=\"3052\" data-end=\"3212\">\n<p data-start=\"3054\" data-end=\"3212\">Panneaux en Bois Micro-Perfor\u00e9s : Panneaux \u00e0 structure micro-perfor\u00e9e, produits avec la nanotechnologie, offrant des performances acoustiques sup\u00e9rieures.<\/p>\n<\/li>\n<li data-start=\"3213\" data-end=\"3355\">\n<p data-start=\"3215\" data-end=\"3355\">Panneaux en Bois Lin\u00e9aires : Syst\u00e8mes de plafonds et murs lin\u00e9aires modernes et \u00e9l\u00e9gants, apportant de la valeur esth\u00e9tique aux espaces.<\/p>\n<\/li>\n<li data-start=\"3356\" data-end=\"3516\">\n<p data-start=\"3358\" data-end=\"3516\">Panneaux Acoustiques en Tissu : Panneaux recouverts de tissu disponibles dans diverses couleurs et textures, am\u00e9liorant le confort acoustique des espaces.<\/p>\n<\/li>\n<li data-start=\"3517\" data-end=\"3633\">\n<p data-start=\"3519\" data-end=\"3633\">Panneaux Acoustiques en Feutre : Panneaux d\u00e9coratifs en feutre avec des capacit\u00e9s d\u2019absorption sonore \u00e9lev\u00e9es.<\/p>\n<\/li>\n<li data-start=\"3634\" data-end=\"3717\">\n<p data-start=\"3636\" data-end=\"3717\">Portes Acoustiques : Portes sur mesure offrant une isolation sonore optimale.<\/p>\n<\/li>\n<li data-start=\"3718\" data-end=\"3879\">\n<p data-start=\"3720\" data-end=\"3879\">Cloisons Mobiles Acoustiques : Cloisons partition offrant une grande flexibilit\u00e9 pour diviser de grands espaces, avec des performances acoustiques \u00e9lev\u00e9es.<\/p>\n<\/li>\n<li data-start=\"3880\" data-end=\"4053\">\n<p data-start=\"3882\" data-end=\"4053\">Cabines Acoustiques (ESKpod) : Solutions modernes et ergonomiques, con\u00e7ues pour des conversations priv\u00e9es et silencieuses, offrant une excellente isolation acoustique.<\/p>\n<\/li>\n<\/ul>\n<h4 data-start=\"4055\" data-end=\"4096\"><em>Nos Services chez ESK Acoustic:<\/em><\/h4>\n<ul data-start=\"4098\" data-end=\"4426\">\n<li data-start=\"4098\" data-end=\"4215\">\n<p data-start=\"4100\" data-end=\"4215\">Consultation Acoustique : Services de consultation professionnelle adapt\u00e9s aux besoins acoustiques des espaces.<\/p>\n<\/li>\n<li data-start=\"4216\" data-end=\"4326\">\n<p data-start=\"4218\" data-end=\"4326\">Installation : Services d&rsquo;installation et de mise en \u0153uvre des produits acoustiques que nous fabriquons.<\/p>\n<\/li>\n<li data-start=\"4327\" data-end=\"4426\">\n<p data-start=\"4329\" data-end=\"4426\">Logistique : Solutions logistiques garantissant la livraison s\u00fbre et ponctuelle des produits.<\/p>\n<\/li>\n<\/ul>\n<h3 data-start=\"4428\" data-end=\"4449\"><strong data-start=\"4433\" data-end=\"4449\">Notre Vision<\/strong><\/h3>\n<p data-start=\"4451\" data-end=\"4697\">Devenir l&rsquo;entreprise leader et la plus fiable de l&rsquo;industrie en utilisant un syst\u00e8me de production ax\u00e9 sur la technologie et une main-d&rsquo;\u0153uvre hautement qualifi\u00e9e, afin de prendre une position de pionnier dans l&rsquo;offre de produits de haute qualit\u00e9.<\/p>\n<h3 data-start=\"4699\" data-end=\"4721\"><strong data-start=\"4704\" data-end=\"4721\">Notre Mission<\/strong><\/h3>\n<p data-start=\"4723\" data-end=\"4992\">Mettre l\u2019accent sur la qualit\u00e9, la modernit\u00e9 et l\u2019esth\u00e9tique ; offrir des solutions acoustiques et architecturales ; et gagner du respect sur les march\u00e9s locaux et mondiaux en fournissant des services de haute qualit\u00e9 conformes aux normes nationales et internationales.<\/p>\n<p><\/p>","protected":false},"excerpt":{"rendered":"<p>\u00c0 Propos de Nous Fond\u00e9e en 2005, notre entreprise a fait son entr\u00e9e dans l\u2019industrie avec la vente et l&rsquo;installation de syst\u00e8mes de plafonds suspendus. En 2010, nous avons commenc\u00e9 \u00e0 produire des panneaux acoustiques en bois sous le nom de ESK Acoustic. Avec nos installations de production situ\u00e9es en Turquie et au Maroc, nous [&hellip;]<\/p>\n","protected":false},"author":4,"featured_media":45006,"parent":0,"menu_order":13,"comment_status":"closed","ping_status":"closed","template":"","meta":{"footnotes":""},"acf":[],"aioseo_notices":[],"_links":{"self":[{"href":"https:\/\/www.eskakustik.com\/fr\/wp-json\/wp\/v2\/pages\/57"}],"collection":[{"href":"https:\/\/www.eskakustik.com\/fr\/wp-json\/wp\/v2\/pages"}],"about":[{"href":"https:\/\/www.eskakustik.com\/fr\/wp-json\/wp\/v2\/types\/page"}],"author":[{"embeddable":true,"href":"https:\/\/www.eskakustik.com\/fr\/wp-json\/wp\/v2\/users\/4"}],"replies":[{"embeddable":true,"href":"https:\/\/www.eskakustik.com\/fr\/wp-json\/wp\/v2\/comments?post=57"}],"version-history":[{"count":8,"href":"https:\/\/www.eskakustik.com\/fr\/wp-json\/wp\/v2\/pages\/57\/revisions"}],"predecessor-version":[{"id":47991,"href":"https:\/\/www.eskakustik.com\/fr\/wp-json\/wp\/v2\/pages\/57\/revisions\/47991"}],"wp:featuredmedia":[{"embeddable":true,"href":"https:\/\/www.eskakustik.com\/fr\/wp-json\/wp\/v2\/media\/45006"}],"wp:attachment":[{"href":"https:\/\/www.eskakustik.com\/fr\/wp-json\/wp\/v2\/media?parent=57"}],"curies":[{"name":"wp","href":"https:\/\/api.w.org\/{rel}","templated":true}]}}